{"id":234,"date":"2026-02-26T19:44:22","date_gmt":"2026-02-26T19:44:22","guid":{"rendered":"https:\/\/dredenilsonborges.com.br\/?page_id=234"},"modified":"2026-03-04T20:56:26","modified_gmt":"2026-03-04T20:56:26","slug":"termos-de-uso","status":"publish","type":"page","link":"https:\/\/dredenilsonborges.com.br\/?page_id=234","title":{"rendered":"Termos de uso"},"content":{"rendered":"\t\t<div data-elementor-type=\"wp-page\" data-elementor-id=\"234\" class=\"elementor elementor-234\" data-elementor-post-type=\"page\">\n\t\t\t\t<div class=\"elementor-element elementor-element-1ebf1ee8 e-flex e-con-boxed e-con e-parent\" data-id=\"1ebf1ee8\" data-element_type=\"container\" data-e-type=\"container\" data-settings=\"{&quot;background_background&quot;:&quot;classic&quot;}\">\n\t\t\t\t\t<div class=\"e-con-inner\">\n\t\t<div class=\"elementor-element elementor-element-66f1a259 animated-fast e-flex e-con-boxed elementor-invisible e-con e-child\" data-id=\"66f1a259\" data-element_type=\"container\" data-e-type=\"container\" data-settings=\"{&quot;animation&quot;:&quot;fadeIn&quot;,&quot;animation_delay&quot;:500}\">\n\t\t\t\t\t<div class=\"e-con-inner\">\n\t\t\t\t<div class=\"elementor-element elementor-element-2a3896c1 elementor-widget elementor-widget-heading\" data-id=\"2a3896c1\" data-element_type=\"widget\" data-e-type=\"widget\" data-widget_type=\"heading.default\">\n\t\t\t\t\t<h1 class=\"elementor-heading-title elementor-size-default\">Termos de uso<\/h1>\t\t\t\t<\/div>\n\t\t\t\t\t<\/div>\n\t\t\t\t<\/div>\n\t\t\t\t<div class=\"elementor-element elementor-element-468e280c elementor-widget elementor-widget-heading\" data-id=\"468e280c\" data-element_type=\"widget\" data-e-type=\"widget\" data-widget_type=\"heading.default\">\n\t\t\t\t\t<p class=\"elementor-heading-title elementor-size-default\">O presente site possui car\u00e1ter exclusivamente informativo.<\/p>\t\t\t\t<\/div>\n\t\t\t\t<div class=\"elementor-element elementor-element-ed44d47 elementor-widget elementor-widget-heading\" data-id=\"ed44d47\" data-element_type=\"widget\" data-e-type=\"widget\" data-widget_type=\"heading.default\">\n\t\t\t\t\t<p class=\"elementor-heading-title elementor-size-default\">As informa\u00e7\u00f5es disponibilizadas n\u00e3o substituem consulta m\u00e9dica presencial e n\u00e3o configuram diagn\u00f3stico ou indica\u00e7\u00e3o de tratamento.\n<\/p>\t\t\t\t<\/div>\n\t\t\t\t<div class=\"elementor-element elementor-element-4b7d356 elementor-widget elementor-widget-heading\" data-id=\"4b7d356\" data-element_type=\"widget\" data-e-type=\"widget\" data-widget_type=\"heading.default\">\n\t\t\t\t\t<p class=\"elementor-heading-title elementor-size-default\">A indica\u00e7\u00e3o de procedimentos m\u00e9dicos ou cir\u00fargicos depende de avalia\u00e7\u00e3o individualizada realizada em consulta.\n<\/p>\t\t\t\t<\/div>\n\t\t\t\t<div class=\"elementor-element elementor-element-2888be2 elementor-widget elementor-widget-heading\" data-id=\"2888be2\" data-element_type=\"widget\" data-e-type=\"widget\" data-widget_type=\"heading.default\">\n\t\t\t\t\t<p class=\"elementor-heading-title elementor-size-default\">Os resultados podem variar conforme caracter\u00edsticas individuais e fatores biol\u00f3gicos.<\/p>\t\t\t\t<\/div>\n\t\t\t\t<div class=\"elementor-element elementor-element-0ad9b35 elementor-widget elementor-widget-heading\" data-id=\"0ad9b35\" data-element_type=\"widget\" data-e-type=\"widget\" data-widget_type=\"heading.default\">\n\t\t\t\t\t<p class=\"elementor-heading-title elementor-size-default\">Procedimentos cir\u00fargicos envolvem riscos inerentes, que s\u00e3o esclarecidos durante a consulta e formalizados por meio de termo de consentimento espec\u00edfico.<\/p>\t\t\t\t<\/div>\n\t\t\t\t<div class=\"elementor-element elementor-element-732f096 elementor-widget elementor-widget-heading\" data-id=\"732f096\" data-element_type=\"widget\" data-e-type=\"widget\" data-widget_type=\"heading.default\">\n\t\t\t\t\t<p class=\"elementor-heading-title elementor-size-default\">O uso das informa\u00e7\u00f5es contidas neste site \u00e9 de responsabilidade do usu\u00e1rio.<\/p>\t\t\t\t<\/div>\n\t\t\t\t\t<\/div>\n\t\t\t\t<\/div>\n\t\t\t\t<\/div>\n\t\t","protected":false},"excerpt":{"rendered":"<p>Termos de uso O presente site possui car\u00e1ter exclusivamente informativo. As informa\u00e7\u00f5es disponibilizadas n\u00e3o substituem consulta m\u00e9dica presencial e n\u00e3o configuram diagn\u00f3stico ou indica\u00e7\u00e3o de tratamento. A indica\u00e7\u00e3o de procedimentos m\u00e9dicos ou cir\u00fargicos depende de avalia\u00e7\u00e3o individualizada realizada em consulta. Os resultados podem variar conforme caracter\u00edsticas individuais e fatores biol\u00f3gicos. Procedimentos cir\u00fargicos envolvem riscos inerentes, [&hellip;]<\/p>\n","protected":false},"author":1,"featured_media":0,"parent":0,"menu_order":0,"comment_status":"closed","ping_status":"closed","template":"elementor_canvas","meta":{"footnotes":""},"class_list":["post-234","page","type-page","status-publish","hentry"],"aioseo_notices":[],"yoast_head":"<!-- This site is optimized with the Yoast SEO Premium plugin v24.2 (Yoast SEO v24.2) - https:\/\/yoast.com\/wordpress\/plugins\/seo\/ -->\n<title>Termos de uso - Dr. Edenilson Borges - Cirurgi\u00e3o Pl\u00e1stico em Ara\u00e7atuba<\/title>\n<meta name=\"robots\" content=\"index, follow, max-snippet:-1, max-image-preview:large, max-video-preview:-1\" \/>\n<link rel=\"canonical\" href=\"https:\/\/dredenilsonborges.com.br\/?page_id=234\" \/>\n<meta property=\"og:locale\" content=\"pt_BR\" \/>\n<meta property=\"og:type\" content=\"article\" \/>\n<meta property=\"og:title\" content=\"Termos de uso\" \/>\n<meta property=\"og:description\" content=\"Termos de uso O presente site possui car\u00e1ter exclusivamente informativo. As informa\u00e7\u00f5es disponibilizadas n\u00e3o substituem consulta m\u00e9dica presencial e n\u00e3o configuram diagn\u00f3stico ou indica\u00e7\u00e3o de tratamento. A indica\u00e7\u00e3o de procedimentos m\u00e9dicos ou cir\u00fargicos depende de avalia\u00e7\u00e3o individualizada realizada em consulta. Os resultados podem variar conforme caracter\u00edsticas individuais e fatores biol\u00f3gicos. Procedimentos cir\u00fargicos envolvem riscos inerentes, [&hellip;]\" \/>\n<meta property=\"og:url\" content=\"https:\/\/dredenilsonborges.com.br\/?page_id=234\" \/>\n<meta property=\"og:site_name\" content=\"Dr. Edenilson Borges - Cirurgi\u00e3o Pl\u00e1stico em Ara\u00e7atuba\" \/>\n<meta property=\"article:modified_time\" content=\"2026-03-04T20:56:26+00:00\" \/>\n<meta name=\"twitter:card\" content=\"summary_large_image\" \/>\n<script type=\"application\/ld+json\" class=\"yoast-schema-graph\">{\"@context\":\"https:\/\/schema.org\",\"@graph\":[{\"@type\":\"WebPage\",\"@id\":\"https:\/\/dredenilsonborges.com.br\/?page_id=234\",\"url\":\"https:\/\/dredenilsonborges.com.br\/?page_id=234\",\"name\":\"Termos de uso - Dr. Edenilson Borges - Cirurgi\u00e3o Pl\u00e1stico em Ara\u00e7atuba\",\"isPartOf\":{\"@id\":\"https:\/\/dredenilsonborges.com.br\/#website\"},\"datePublished\":\"2026-02-26T19:44:22+00:00\",\"dateModified\":\"2026-03-04T20:56:26+00:00\",\"breadcrumb\":{\"@id\":\"https:\/\/dredenilsonborges.com.br\/?page_id=234#breadcrumb\"},\"inLanguage\":\"pt-BR\",\"potentialAction\":[{\"@type\":\"ReadAction\",\"target\":[\"https:\/\/dredenilsonborges.com.br\/?page_id=234\"]}]},{\"@type\":\"BreadcrumbList\",\"@id\":\"https:\/\/dredenilsonborges.com.br\/?page_id=234#breadcrumb\",\"itemListElement\":[{\"@type\":\"ListItem\",\"position\":1,\"name\":\"Home\",\"item\":\"https:\/\/dredenilsonborges.com.br\/\"},{\"@type\":\"ListItem\",\"position\":2,\"name\":\"Termos de uso\"}]},{\"@type\":\"WebSite\",\"@id\":\"https:\/\/dredenilsonborges.com.br\/#website\",\"url\":\"https:\/\/dredenilsonborges.com.br\/\",\"name\":\"Dr. Edenilson Borges - Cirurgi\u00e3o Pl\u00e1stico em Ara\u00e7atuba\",\"description\":\"Cirurgi\u00e3o Pl\u00e1stico em Ara\u00e7atuba com mais de 35 anos de experi\u00eancia em cirurgia pl\u00e1stica com \u00e9tica, seguran\u00e7a e compromisso com o cuidado individualizado.\u200bD\",\"potentialAction\":[{\"@type\":\"SearchAction\",\"target\":{\"@type\":\"EntryPoint\",\"urlTemplate\":\"https:\/\/dredenilsonborges.com.br\/?s={search_term_string}\"},\"query-input\":{\"@type\":\"PropertyValueSpecification\",\"valueRequired\":true,\"valueName\":\"search_term_string\"}}],\"inLanguage\":\"pt-BR\"}]}<\/script>\n<!-- \/ Yoast SEO Premium plugin. -->","yoast_head_json":{"title":"Termos de uso - Dr. Edenilson Borges - Cirurgi\u00e3o Pl\u00e1stico em Ara\u00e7atuba","robots":{"index":"index","follow":"follow","max-snippet":"max-snippet:-1","max-image-preview":"max-image-preview:large","max-video-preview":"max-video-preview:-1"},"canonical":"https:\/\/dredenilsonborges.com.br\/?page_id=234","og_locale":"pt_BR","og_type":"article","og_title":"Termos de uso","og_description":"Termos de uso O presente site possui car\u00e1ter exclusivamente informativo. As informa\u00e7\u00f5es disponibilizadas n\u00e3o substituem consulta m\u00e9dica presencial e n\u00e3o configuram diagn\u00f3stico ou indica\u00e7\u00e3o de tratamento. A indica\u00e7\u00e3o de procedimentos m\u00e9dicos ou cir\u00fargicos depende de avalia\u00e7\u00e3o individualizada realizada em consulta. Os resultados podem variar conforme caracter\u00edsticas individuais e fatores biol\u00f3gicos. Procedimentos cir\u00fargicos envolvem riscos inerentes, [&hellip;]","og_url":"https:\/\/dredenilsonborges.com.br\/?page_id=234","og_site_name":"Dr. Edenilson Borges - Cirurgi\u00e3o Pl\u00e1stico em Ara\u00e7atuba","article_modified_time":"2026-03-04T20:56:26+00:00","twitter_card":"summary_large_image","schema":{"@context":"https:\/\/schema.org","@graph":[{"@type":"WebPage","@id":"https:\/\/dredenilsonborges.com.br\/?page_id=234","url":"https:\/\/dredenilsonborges.com.br\/?page_id=234","name":"Termos de uso - Dr. Edenilson Borges - Cirurgi\u00e3o Pl\u00e1stico em Ara\u00e7atuba","isPartOf":{"@id":"https:\/\/dredenilsonborges.com.br\/#website"},"datePublished":"2026-02-26T19:44:22+00:00","dateModified":"2026-03-04T20:56:26+00:00","breadcrumb":{"@id":"https:\/\/dredenilsonborges.com.br\/?page_id=234#breadcrumb"},"inLanguage":"pt-BR","potentialAction":[{"@type":"ReadAction","target":["https:\/\/dredenilsonborges.com.br\/?page_id=234"]}]},{"@type":"BreadcrumbList","@id":"https:\/\/dredenilsonborges.com.br\/?page_id=234#breadcrumb","itemListElement":[{"@type":"ListItem","position":1,"name":"Home","item":"https:\/\/dredenilsonborges.com.br\/"},{"@type":"ListItem","position":2,"name":"Termos de uso"}]},{"@type":"WebSite","@id":"https:\/\/dredenilsonborges.com.br\/#website","url":"https:\/\/dredenilsonborges.com.br\/","name":"Dr. Edenilson Borges - Cirurgi\u00e3o Pl\u00e1stico em Ara\u00e7atuba","description":"Cirurgi\u00e3o Pl\u00e1stico em Ara\u00e7atuba com mais de 35 anos de experi\u00eancia em cirurgia pl\u00e1stica com \u00e9tica, seguran\u00e7a e compromisso com o cuidado individualizado.\u200bD","potentialAction":[{"@type":"SearchAction","target":{"@type":"EntryPoint","urlTemplate":"https:\/\/dredenilsonborges.com.br\/?s={search_term_string}"},"query-input":{"@type":"PropertyValueSpecification","valueRequired":true,"valueName":"search_term_string"}}],"inLanguage":"pt-BR"}]}},"_hostinger_reach_plugin_has_subscription_block":false,"_hostinger_reach_plugin_is_elementor":false,"_links":{"self":[{"href":"https:\/\/dredenilsonborges.com.br\/index.php?rest_route=\/wp\/v2\/pages\/234","targetHints":{"allow":["GET"]}}],"collection":[{"href":"https:\/\/dredenilsonborges.com.br\/index.php?rest_route=\/wp\/v2\/pages"}],"about":[{"href":"https:\/\/dredenilsonborges.com.br\/index.php?rest_route=\/wp\/v2\/types\/page"}],"author":[{"embeddable":true,"href":"https:\/\/dredenilsonborges.com.br\/index.php?rest_route=\/wp\/v2\/users\/1"}],"replies":[{"embeddable":true,"href":"https:\/\/dredenilsonborges.com.br\/index.php?rest_route=%2Fwp%2Fv2%2Fcomments&post=234"}],"version-history":[{"count":28,"href":"https:\/\/dredenilsonborges.com.br\/index.php?rest_route=\/wp\/v2\/pages\/234\/revisions"}],"predecessor-version":[{"id":536,"href":"https:\/\/dredenilsonborges.com.br\/index.php?rest_route=\/wp\/v2\/pages\/234\/revisions\/536"}],"wp:attachment":[{"href":"https:\/\/dredenilsonborges.com.br\/index.php?rest_route=%2Fwp%2Fv2%2Fmedia&parent=234"}],"curies":[{"name":"wp","href":"https:\/\/api.w.org\/{rel}","templated":true}]}}