{"id":215,"date":"2026-02-26T19:33:08","date_gmt":"2026-02-26T19:33:08","guid":{"rendered":"https:\/\/dredenilsonborges.com.br\/?page_id=215"},"modified":"2026-03-02T17:31:35","modified_gmt":"2026-03-02T17:31:35","slug":"politica-de-privacidade","status":"publish","type":"page","link":"https:\/\/dredenilsonborges.com.br\/?page_id=215","title":{"rendered":"Pol\u00edticas de privacidade"},"content":{"rendered":"\t\t<div data-elementor-type=\"wp-page\" data-elementor-id=\"215\" class=\"elementor elementor-215\" data-elementor-post-type=\"page\">\n\t\t\t\t<div class=\"elementor-element elementor-element-1ebf1ee8 e-flex e-con-boxed e-con e-parent\" data-id=\"1ebf1ee8\" data-element_type=\"container\" data-e-type=\"container\" data-settings=\"{&quot;background_background&quot;:&quot;classic&quot;}\">\n\t\t\t\t\t<div class=\"e-con-inner\">\n\t\t<div class=\"elementor-element elementor-element-66f1a259 animated-fast e-flex e-con-boxed elementor-invisible e-con e-child\" data-id=\"66f1a259\" data-element_type=\"container\" data-e-type=\"container\" data-settings=\"{&quot;animation&quot;:&quot;fadeIn&quot;,&quot;animation_delay&quot;:500}\">\n\t\t\t\t\t<div class=\"e-con-inner\">\n\t\t\t\t<div class=\"elementor-element elementor-element-2a3896c1 elementor-widget elementor-widget-heading\" data-id=\"2a3896c1\" data-element_type=\"widget\" data-e-type=\"widget\" data-widget_type=\"heading.default\">\n\t\t\t\t\t<h1 class=\"elementor-heading-title elementor-size-default\">Pol\u00edtica de privacidade<\/h1>\t\t\t\t<\/div>\n\t\t\t\t\t<\/div>\n\t\t\t\t<\/div>\n\t\t\t\t<div class=\"elementor-element elementor-element-468e280c elementor-widget elementor-widget-heading\" data-id=\"468e280c\" data-element_type=\"widget\" data-e-type=\"widget\" data-widget_type=\"heading.default\">\n\t\t\t\t\t<p class=\"elementor-heading-title elementor-size-default\">\u00daltima atualiza\u00e7\u00e3o: 02\/03\/2026.\nA presente Pol\u00edtica de Privacidade tem por finalidade informar como os dados pessoais coletados nesta p\u00e1gina s\u00e3o tratados.<\/p>\t\t\t\t<\/div>\n\t\t<div class=\"elementor-element elementor-element-6c54d4e e-grid animated-fast e-con-boxed elementor-invisible e-con e-child\" data-id=\"6c54d4e\" data-element_type=\"container\" data-e-type=\"container\" data-settings=\"{&quot;animation&quot;:&quot;fadeIn&quot;,&quot;animation_delay&quot;:750}\">\n\t\t\t\t\t<div class=\"e-con-inner\">\n\t\t<div class=\"elementor-element elementor-element-1ab817a7 e-con-full e-flex e-con e-child\" data-id=\"1ab817a7\" data-element_type=\"container\" data-e-type=\"container\">\n\t\t\t\t<div class=\"elementor-element elementor-element-b137b87 elementor-widget elementor-widget-heading\" data-id=\"b137b87\" data-element_type=\"widget\" data-e-type=\"widget\" data-widget_type=\"heading.default\">\n\t\t\t\t\t<p class=\"elementor-heading-title elementor-size-default\">1. Controlador dos dados<\/p>\t\t\t\t<\/div>\n\t\t\t\t<div class=\"elementor-element elementor-element-588297c7 elementor-widget elementor-widget-text-editor\" data-id=\"588297c7\" data-element_type=\"widget\" data-e-type=\"widget\" data-widget_type=\"text-editor.default\">\n\t\t\t\t\t\t\t\t\t<p>O controlador dos dados \u00e9:<br \/>Dr. Edenilson Borges | Cirurgi\u00e3o Pl\u00e1stico em Ara\u00e7atuba<br \/>CNPJ:\u00a008683698000107<br \/>Endere\u00e7o profissional:\u00a0Rua Rio de Janeiro, 121 \u2013 Jardim Sumar\u00e9 \u2013 Ara\u00e7atuba\/SP<br \/>E-mail para contato:\u00a0dredenilsonborges@gmail.com<\/p>\t\t\t\t\t\t\t\t<\/div>\n\t\t\t\t<\/div>\n\t\t<div class=\"elementor-element elementor-element-f08c7e8 e-con-full e-flex e-con e-child\" data-id=\"f08c7e8\" data-element_type=\"container\" data-e-type=\"container\">\n\t\t\t\t<div class=\"elementor-element elementor-element-19d78f6 elementor-widget elementor-widget-heading\" data-id=\"19d78f6\" data-element_type=\"widget\" data-e-type=\"widget\" data-widget_type=\"heading.default\">\n\t\t\t\t\t<p class=\"elementor-heading-title elementor-size-default\">2. Dados coletados:<\/p>\t\t\t\t<\/div>\n\t\t\t\t<div class=\"elementor-element elementor-element-b4b54f0 elementor-widget elementor-widget-text-editor\" data-id=\"b4b54f0\" data-element_type=\"widget\" data-e-type=\"widget\" data-widget_type=\"text-editor.default\">\n\t\t\t\t\t\t\t\t\t<p>Poder\u00e3o ser coletados, conforme o formul\u00e1rio disponibilizado: nome completo, telefone de contato, e-mail e\/ou informa\u00e7\u00f5es relacionadas ao interesse nos servi\u00e7os descritos nesta p\u00e1gina.<\/p>\t\t\t\t\t\t\t\t<\/div>\n\t\t\t\t<\/div>\n\t\t<div class=\"elementor-element elementor-element-a5fbe41 e-con-full e-flex e-con e-child\" data-id=\"a5fbe41\" data-element_type=\"container\" data-e-type=\"container\">\n\t\t\t\t<div class=\"elementor-element elementor-element-a867ae3 elementor-widget elementor-widget-heading\" data-id=\"a867ae3\" data-element_type=\"widget\" data-e-type=\"widget\" data-widget_type=\"heading.default\">\n\t\t\t\t\t<p class=\"elementor-heading-title elementor-size-default\">3. Finalidade do tratamento\n<\/p>\t\t\t\t<\/div>\n\t\t\t\t<div class=\"elementor-element elementor-element-583590d elementor-widget elementor-widget-text-editor\" data-id=\"583590d\" data-element_type=\"widget\" data-e-type=\"widget\" data-widget_type=\"text-editor.default\">\n\t\t\t\t\t\t\t\t\t<p>Os dados pessoais s\u00e3o utilizados exclusivamente para contato e retorno ao interessado, envio de informa\u00e7\u00f5es solicitadas, organiza\u00e7\u00e3o administrativa interna e cumprimento de obriga\u00e7\u00f5es legais e regulat\u00f3rias. Os dados n\u00e3o ser\u00e3o utilizados para finalidade diversa daquela informada.<\/p>\t\t\t\t\t\t\t\t<\/div>\n\t\t\t\t<\/div>\n\t\t<div class=\"elementor-element elementor-element-2070b3a e-con-full e-flex e-con e-child\" data-id=\"2070b3a\" data-element_type=\"container\" data-e-type=\"container\">\n\t\t\t\t<div class=\"elementor-element elementor-element-ee90858 elementor-widget elementor-widget-heading\" data-id=\"ee90858\" data-element_type=\"widget\" data-e-type=\"widget\" data-widget_type=\"heading.default\">\n\t\t\t\t\t<p class=\"elementor-heading-title elementor-size-default\">4. Base legal<\/p>\t\t\t\t<\/div>\n\t\t\t\t<div class=\"elementor-element elementor-element-a490164 elementor-widget elementor-widget-text-editor\" data-id=\"a490164\" data-element_type=\"widget\" data-e-type=\"widget\" data-widget_type=\"text-editor.default\">\n\t\t\t\t\t\t\t\t\t<p>O tratamento poder\u00e1 ocorrer com fundamento no consentimento do titular, na execu\u00e7\u00e3o de procedimentos preliminares relacionados \u00e0 presta\u00e7\u00e3o de servi\u00e7os e no cumprimento de obriga\u00e7\u00e3o legal ou regulat\u00f3ria. <\/p>\t\t\t\t\t\t\t\t<\/div>\n\t\t\t\t<\/div>\n\t\t<div class=\"elementor-element elementor-element-60ff765 e-con-full e-flex e-con e-child\" data-id=\"60ff765\" data-element_type=\"container\" data-e-type=\"container\">\n\t\t\t\t<div class=\"elementor-element elementor-element-3c2662a elementor-widget elementor-widget-heading\" data-id=\"3c2662a\" data-element_type=\"widget\" data-e-type=\"widget\" data-widget_type=\"heading.default\">\n\t\t\t\t\t<p class=\"elementor-heading-title elementor-size-default\">5. Compartilhamento de dados<\/p>\t\t\t\t<\/div>\n\t\t\t\t<div class=\"elementor-element elementor-element-8144abd elementor-widget elementor-widget-text-editor\" data-id=\"8144abd\" data-element_type=\"widget\" data-e-type=\"widget\" data-widget_type=\"text-editor.default\">\n\t\t\t\t\t\t\t\t\t<p>Os dados poder\u00e3o ser compartilhados, quando necess\u00e1rio, com plataforma de hospedagem da p\u00e1gina, ferramentas de CRM ou automa\u00e7\u00e3o e\/ou prestadores de servi\u00e7o contratados para suporte tecnol\u00f3gico, sempre observadas as medidas de seguran\u00e7a e confidencialidade. N\u00e3o h\u00e1 comercializa\u00e7\u00e3o de dados.<\/p>\t\t\t\t\t\t\t\t<\/div>\n\t\t\t\t<\/div>\n\t\t<div class=\"elementor-element elementor-element-3256671 e-con-full e-flex e-con e-child\" data-id=\"3256671\" data-element_type=\"container\" data-e-type=\"container\">\n\t\t\t\t<div class=\"elementor-element elementor-element-3a9b423 elementor-widget elementor-widget-heading\" data-id=\"3a9b423\" data-element_type=\"widget\" data-e-type=\"widget\" data-widget_type=\"heading.default\">\n\t\t\t\t\t<p class=\"elementor-heading-title elementor-size-default\">6. Armazenamento e seguran\u00e7a<\/p>\t\t\t\t<\/div>\n\t\t\t\t<div class=\"elementor-element elementor-element-82db30f elementor-widget elementor-widget-text-editor\" data-id=\"82db30f\" data-element_type=\"widget\" data-e-type=\"widget\" data-widget_type=\"text-editor.default\">\n\t\t\t\t\t\t\t\t\t<p>Os dados ser\u00e3o armazenados pelo tempo necess\u00e1rio ao cumprimento das finalidades informadas e das obriga\u00e7\u00f5es legais aplic\u00e1veis. S\u00e3o adotadas medidas t\u00e9cnicas e administrativas razo\u00e1veis para prote\u00e7\u00e3o contra acesso n\u00e3o autorizado, vazamento ou uso indevido.<\/p>\t\t\t\t\t\t\t\t<\/div>\n\t\t\t\t<\/div>\n\t\t<div class=\"elementor-element elementor-element-69e4b3e e-con-full e-flex e-con e-child\" data-id=\"69e4b3e\" data-element_type=\"container\" data-e-type=\"container\">\n\t\t\t\t<div class=\"elementor-element elementor-element-e18cea2 elementor-widget elementor-widget-heading\" data-id=\"e18cea2\" data-element_type=\"widget\" data-e-type=\"widget\" data-widget_type=\"heading.default\">\n\t\t\t\t\t<p class=\"elementor-heading-title elementor-size-default\">7. Direitos do titular<\/p>\t\t\t\t<\/div>\n\t\t\t\t<div class=\"elementor-element elementor-element-960cf04 elementor-widget elementor-widget-text-editor\" data-id=\"960cf04\" data-element_type=\"widget\" data-e-type=\"widget\" data-widget_type=\"text-editor.default\">\n\t\t\t\t\t\t\t\t\t<p>O titular poder\u00e1, a qualquer tempo, solicitar a confirma\u00e7\u00e3o da exist\u00eancia de tratamento, acesso aos dados, corre\u00e7\u00e3o de dados incompletos ou desatualizados, exclus\u00e3o de dados, quando aplic\u00e1vel e informa\u00e7\u00f5es sobre compartilhamento.<\/p>\n<p>As solicita\u00e7\u00f5es dever\u00e3o ser encaminhadas para\u00a0dredenilsonborges@gmail.com<\/p>\t\t\t\t\t\t\t\t<\/div>\n\t\t\t\t<\/div>\n\t\t<div class=\"elementor-element elementor-element-d491650 e-con-full e-flex e-con e-child\" data-id=\"d491650\" data-element_type=\"container\" data-e-type=\"container\">\n\t\t\t\t<div class=\"elementor-element elementor-element-d1e95ea elementor-widget elementor-widget-heading\" data-id=\"d1e95ea\" data-element_type=\"widget\" data-e-type=\"widget\" data-widget_type=\"heading.default\">\n\t\t\t\t\t<p class=\"elementor-heading-title elementor-size-default\">8. Altera\u00e7\u00f5es desta pol\u00edtica<\/p>\t\t\t\t<\/div>\n\t\t\t\t<div class=\"elementor-element elementor-element-9b30e63 elementor-widget elementor-widget-text-editor\" data-id=\"9b30e63\" data-element_type=\"widget\" data-e-type=\"widget\" data-widget_type=\"text-editor.default\">\n\t\t\t\t\t\t\t\t\t<p>Esta Pol\u00edtica poder\u00e1 ser atualizada a qualquer tempo, sendo recomendada sua consulta peri\u00f3dica.<\/p>\n<p>*As informa\u00e7\u00f5es disponibilizadas nesta p\u00e1gina possuem car\u00e1ter informativo e n\u00e3o substituem uma consulta m\u00e9dica. Para orienta\u00e7\u00f5es e d\u00favidas sobre seu estado de sa\u00fade, procure orienta\u00e7\u00e3o m\u00e9dica individualizada.<\/p>\t\t\t\t\t\t\t\t<\/div>\n\t\t\t\t<\/div>\n\t\t\t\t\t<\/div>\n\t\t\t\t<\/div>\n\t\t\t\t\t<\/div>\n\t\t\t\t<\/div>\n\t\t\t\t<\/div>\n\t\t","protected":false},"excerpt":{"rendered":"<p>Pol\u00edtica de privacidade \u00daltima atualiza\u00e7\u00e3o: 02\/03\/2026. A presente Pol\u00edtica de Privacidade tem por finalidade informar como os dados pessoais coletados nesta p\u00e1gina s\u00e3o tratados. 1. Controlador dos dados O controlador dos dados \u00e9:Dr. Edenilson Borges | Cirurgi\u00e3o Pl\u00e1stico em Ara\u00e7atubaCNPJ:\u00a008683698000107Endere\u00e7o profissional:\u00a0Rua Rio de Janeiro, 121 \u2013 Jardim Sumar\u00e9 \u2013 Ara\u00e7atuba\/SPE-mail para contato:\u00a0dredenilsonborges@gmail.com 2. Dados coletados: [&hellip;]<\/p>\n","protected":false},"author":1,"featured_media":0,"parent":0,"menu_order":0,"comment_status":"closed","ping_status":"closed","template":"elementor_canvas","meta":{"footnotes":""},"class_list":["post-215","page","type-page","status-publish","hentry"],"aioseo_notices":[],"yoast_head":"<!-- This site is optimized with the Yoast SEO Premium plugin v24.2 (Yoast SEO v24.2) - https:\/\/yoast.com\/wordpress\/plugins\/seo\/ -->\n<title>Pol\u00edticas de privacidade - Dr. Edenilson Borges - Cirurgi\u00e3o Pl\u00e1stico em Ara\u00e7atuba<\/title>\n<meta name=\"robots\" content=\"index, follow, max-snippet:-1, max-image-preview:large, max-video-preview:-1\" \/>\n<link rel=\"canonical\" href=\"https:\/\/dredenilsonborges.com.br\/?page_id=215\" \/>\n<meta property=\"og:locale\" content=\"pt_BR\" \/>\n<meta property=\"og:type\" content=\"article\" \/>\n<meta property=\"og:title\" content=\"Pol\u00edticas de privacidade\" \/>\n<meta property=\"og:description\" content=\"Pol\u00edtica de privacidade \u00daltima atualiza\u00e7\u00e3o: 02\/03\/2026. A presente Pol\u00edtica de Privacidade tem por finalidade informar como os dados pessoais coletados nesta p\u00e1gina s\u00e3o tratados. 1. Controlador dos dados O controlador dos dados \u00e9:Dr. Edenilson Borges | Cirurgi\u00e3o Pl\u00e1stico em Ara\u00e7atubaCNPJ:\u00a008683698000107Endere\u00e7o profissional:\u00a0Rua Rio de Janeiro, 121 \u2013 Jardim Sumar\u00e9 \u2013 Ara\u00e7atuba\/SPE-mail para contato:\u00a0dredenilsonborges@gmail.com 2. Dados coletados: [&hellip;]\" \/>\n<meta property=\"og:url\" content=\"https:\/\/dredenilsonborges.com.br\/?page_id=215\" \/>\n<meta property=\"og:site_name\" content=\"Dr. Edenilson Borges - Cirurgi\u00e3o Pl\u00e1stico em Ara\u00e7atuba\" \/>\n<meta property=\"article:modified_time\" content=\"2026-03-02T17:31:35+00:00\" \/>\n<meta name=\"twitter:card\" content=\"summary_large_image\" \/>\n<script type=\"application\/ld+json\" class=\"yoast-schema-graph\">{\"@context\":\"https:\/\/schema.org\",\"@graph\":[{\"@type\":\"WebPage\",\"@id\":\"https:\/\/dredenilsonborges.com.br\/?page_id=215\",\"url\":\"https:\/\/dredenilsonborges.com.br\/?page_id=215\",\"name\":\"Pol\u00edticas de privacidade - Dr. Edenilson Borges - Cirurgi\u00e3o Pl\u00e1stico em Ara\u00e7atuba\",\"isPartOf\":{\"@id\":\"https:\/\/dredenilsonborges.com.br\/#website\"},\"datePublished\":\"2026-02-26T19:33:08+00:00\",\"dateModified\":\"2026-03-02T17:31:35+00:00\",\"breadcrumb\":{\"@id\":\"https:\/\/dredenilsonborges.com.br\/?page_id=215#breadcrumb\"},\"inLanguage\":\"pt-BR\",\"potentialAction\":[{\"@type\":\"ReadAction\",\"target\":[\"https:\/\/dredenilsonborges.com.br\/?page_id=215\"]}]},{\"@type\":\"BreadcrumbList\",\"@id\":\"https:\/\/dredenilsonborges.com.br\/?page_id=215#breadcrumb\",\"itemListElement\":[{\"@type\":\"ListItem\",\"position\":1,\"name\":\"Home\",\"item\":\"https:\/\/dredenilsonborges.com.br\/\"},{\"@type\":\"ListItem\",\"position\":2,\"name\":\"Pol\u00edticas de privacidade\"}]},{\"@type\":\"WebSite\",\"@id\":\"https:\/\/dredenilsonborges.com.br\/#website\",\"url\":\"https:\/\/dredenilsonborges.com.br\/\",\"name\":\"Dr. Edenilson Borges - Cirurgi\u00e3o Pl\u00e1stico em Ara\u00e7atuba\",\"description\":\"Cirurgi\u00e3o Pl\u00e1stico em Ara\u00e7atuba com mais de 35 anos de experi\u00eancia em cirurgia pl\u00e1stica com \u00e9tica, seguran\u00e7a e compromisso com o cuidado individualizado.\u200bD\",\"potentialAction\":[{\"@type\":\"SearchAction\",\"target\":{\"@type\":\"EntryPoint\",\"urlTemplate\":\"https:\/\/dredenilsonborges.com.br\/?s={search_term_string}\"},\"query-input\":{\"@type\":\"PropertyValueSpecification\",\"valueRequired\":true,\"valueName\":\"search_term_string\"}}],\"inLanguage\":\"pt-BR\"}]}<\/script>\n<!-- \/ Yoast SEO Premium plugin. -->","yoast_head_json":{"title":"Pol\u00edticas de privacidade - Dr. Edenilson Borges - Cirurgi\u00e3o Pl\u00e1stico em Ara\u00e7atuba","robots":{"index":"index","follow":"follow","max-snippet":"max-snippet:-1","max-image-preview":"max-image-preview:large","max-video-preview":"max-video-preview:-1"},"canonical":"https:\/\/dredenilsonborges.com.br\/?page_id=215","og_locale":"pt_BR","og_type":"article","og_title":"Pol\u00edticas de privacidade","og_description":"Pol\u00edtica de privacidade \u00daltima atualiza\u00e7\u00e3o: 02\/03\/2026. A presente Pol\u00edtica de Privacidade tem por finalidade informar como os dados pessoais coletados nesta p\u00e1gina s\u00e3o tratados. 1. Controlador dos dados O controlador dos dados \u00e9:Dr. Edenilson Borges | Cirurgi\u00e3o Pl\u00e1stico em Ara\u00e7atubaCNPJ:\u00a008683698000107Endere\u00e7o profissional:\u00a0Rua Rio de Janeiro, 121 \u2013 Jardim Sumar\u00e9 \u2013 Ara\u00e7atuba\/SPE-mail para contato:\u00a0dredenilsonborges@gmail.com 2. Dados coletados: [&hellip;]","og_url":"https:\/\/dredenilsonborges.com.br\/?page_id=215","og_site_name":"Dr. Edenilson Borges - Cirurgi\u00e3o Pl\u00e1stico em Ara\u00e7atuba","article_modified_time":"2026-03-02T17:31:35+00:00","twitter_card":"summary_large_image","schema":{"@context":"https:\/\/schema.org","@graph":[{"@type":"WebPage","@id":"https:\/\/dredenilsonborges.com.br\/?page_id=215","url":"https:\/\/dredenilsonborges.com.br\/?page_id=215","name":"Pol\u00edticas de privacidade - Dr. Edenilson Borges - Cirurgi\u00e3o Pl\u00e1stico em Ara\u00e7atuba","isPartOf":{"@id":"https:\/\/dredenilsonborges.com.br\/#website"},"datePublished":"2026-02-26T19:33:08+00:00","dateModified":"2026-03-02T17:31:35+00:00","breadcrumb":{"@id":"https:\/\/dredenilsonborges.com.br\/?page_id=215#breadcrumb"},"inLanguage":"pt-BR","potentialAction":[{"@type":"ReadAction","target":["https:\/\/dredenilsonborges.com.br\/?page_id=215"]}]},{"@type":"BreadcrumbList","@id":"https:\/\/dredenilsonborges.com.br\/?page_id=215#breadcrumb","itemListElement":[{"@type":"ListItem","position":1,"name":"Home","item":"https:\/\/dredenilsonborges.com.br\/"},{"@type":"ListItem","position":2,"name":"Pol\u00edticas de privacidade"}]},{"@type":"WebSite","@id":"https:\/\/dredenilsonborges.com.br\/#website","url":"https:\/\/dredenilsonborges.com.br\/","name":"Dr. Edenilson Borges - Cirurgi\u00e3o Pl\u00e1stico em Ara\u00e7atuba","description":"Cirurgi\u00e3o Pl\u00e1stico em Ara\u00e7atuba com mais de 35 anos de experi\u00eancia em cirurgia pl\u00e1stica com \u00e9tica, seguran\u00e7a e compromisso com o cuidado individualizado.\u200bD","potentialAction":[{"@type":"SearchAction","target":{"@type":"EntryPoint","urlTemplate":"https:\/\/dredenilsonborges.com.br\/?s={search_term_string}"},"query-input":{"@type":"PropertyValueSpecification","valueRequired":true,"valueName":"search_term_string"}}],"inLanguage":"pt-BR"}]}},"_hostinger_reach_plugin_has_subscription_block":false,"_hostinger_reach_plugin_is_elementor":false,"_links":{"self":[{"href":"https:\/\/dredenilsonborges.com.br\/index.php?rest_route=\/wp\/v2\/pages\/215","targetHints":{"allow":["GET"]}}],"collection":[{"href":"https:\/\/dredenilsonborges.com.br\/index.php?rest_route=\/wp\/v2\/pages"}],"about":[{"href":"https:\/\/dredenilsonborges.com.br\/index.php?rest_route=\/wp\/v2\/types\/page"}],"author":[{"embeddable":true,"href":"https:\/\/dredenilsonborges.com.br\/index.php?rest_route=\/wp\/v2\/users\/1"}],"replies":[{"embeddable":true,"href":"https:\/\/dredenilsonborges.com.br\/index.php?rest_route=%2Fwp%2Fv2%2Fcomments&post=215"}],"version-history":[{"count":15,"href":"https:\/\/dredenilsonborges.com.br\/index.php?rest_route=\/wp\/v2\/pages\/215\/revisions"}],"predecessor-version":[{"id":561,"href":"https:\/\/dredenilsonborges.com.br\/index.php?rest_route=\/wp\/v2\/pages\/215\/revisions\/561"}],"wp:attachment":[{"href":"https:\/\/dredenilsonborges.com.br\/index.php?rest_route=%2Fwp%2Fv2%2Fmedia&parent=215"}],"curies":[{"name":"wp","href":"https:\/\/api.w.org\/{rel}","templated":true}]}}